{"id":1260,"date":"2020-03-05T20:50:17","date_gmt":"2020-03-05T20:50:17","guid":{"rendered":"https:\/\/theochalets.com\/beta\/?page_id=1260"},"modified":"2020-03-05T20:50:19","modified_gmt":"2020-03-05T20:50:19","slug":"reservation-annulee","status":"publish","type":"page","link":"https:\/\/theochalets.com\/fr\/confirmation-reservation\/reservation-annulee\/","title":{"rendered":"R\u00e9servation annul\u00e9e"},"content":{"rendered":"<p>Votre r\u00e9servation est annul\u00e9e.<\/p>\n","protected":false},"excerpt":{"rendered":"<p>Votre r\u00e9servation est annul\u00e9e.<\/p>\n","protected":false},"author":1,"featured_media":0,"parent":1240,"menu_order":0,"comment_status":"closed","ping_status":"closed","template":"","meta":{"slim_seo":{"title":"R\u00e9servation annul\u00e9e - Th\u00e9o Chalets","description":"Votre r\u00e9servation est annul\u00e9e."},"footnotes":""},"class_list":["post-1260","page","type-page","status-publish","hentry"],"_links":{"self":[{"href":"https:\/\/theochalets.com\/fr\/wp-json\/wp\/v2\/pages\/1260","targetHints":{"allow":["GET"]}}],"collection":[{"href":"https:\/\/theochalets.com\/fr\/wp-json\/wp\/v2\/pages"}],"about":[{"href":"https:\/\/theochalets.com\/fr\/wp-json\/wp\/v2\/types\/page"}],"author":[{"embeddable":true,"href":"https:\/\/theochalets.com\/fr\/wp-json\/wp\/v2\/users\/1"}],"replies":[{"embeddable":true,"href":"https:\/\/theochalets.com\/fr\/wp-json\/wp\/v2\/comments?post=1260"}],"version-history":[{"count":1,"href":"https:\/\/theochalets.com\/fr\/wp-json\/wp\/v2\/pages\/1260\/revisions"}],"predecessor-version":[{"id":1261,"href":"https:\/\/theochalets.com\/fr\/wp-json\/wp\/v2\/pages\/1260\/revisions\/1261"}],"up":[{"embeddable":true,"href":"https:\/\/theochalets.com\/fr\/wp-json\/wp\/v2\/pages\/1240"}],"wp:attachment":[{"href":"https:\/\/theochalets.com\/fr\/wp-json\/wp\/v2\/media?parent=1260"}],"curies":[{"name":"wp","href":"https:\/\/api.w.org\/{rel}","templated":true}]}}