{"id":1251,"date":"2020-03-05T20:38:27","date_gmt":"2020-03-05T20:38:27","guid":{"rendered":"https:\/\/theochalets.com\/beta\/?page_id=1251"},"modified":"2020-03-05T20:38:28","modified_gmt":"2020-03-05T20:38:28","slug":"reservation-en-ligne","status":"publish","type":"page","link":"https:\/\/theochalets.com\/fr\/reservation-en-ligne\/","title":{"rendered":"R\u00e9servation en ligne"},"content":{"rendered":"<p style=\"text-align: left;\">Sp\u00e9cifiez vos dates d&rsquo;arriv\u00e9e et de d\u00e9part et le nombre de personnes &#8211; trouvez les chalets disponibles et r\u00e9servez-les en ligne facilement.<\/p>\n<p style=\"text-align: left;\"><div class=\"mphb_sc_search-wrapper \"><form method=\"GET\" class=\"mphb_sc_search-form\" action=\"https:\/\/theochalets.com\/fr\/reservation-en-ligne\/\">\r\n\r\n\t<p class = \"mphb-required-fields-tip\">\r\n\t<small>\r\n\t\tLes champs obligatoires sont suivis de\t\t<abbr title=\"required\">*<\/abbr>\r\n\t<\/small>\r\n<\/p>\r\n\t<p class=\"mphb_sc_search-check-in-date\">\r\n\t\t<label for=\"mphb_check_in_date-mphb-search-form-69f4265ca86f1\">\r\n\t\t\tArriv\u00e9e\t\t\t<abbr title=\"Format\u00e9 comme dd\/mm\/yyyy\">*<\/abbr>\r\n\t\t<\/label>\r\n\t\t<br \/>\r\n\t\t<input\r\n\t\t\tid=\"mphb_check_in_date-mphb-search-form-69f4265ca86f1\"\r\n\t\t\tdata-datepick-group=\"mphb-search-form-69f4265ca86f1\"\r\n\t\t\tvalue=\"\"\r\n\t\t\tplaceholder=\"Date d'arriv\u00e9e\"\r\n\t\t\trequired=\"required\"\r\n\t\t\ttype=\"text\"\r\n\t\t\tname=\"mphb_check_in_date\"\r\n\t\t\tclass=\"mphb-datepick\"\r\n\t\t\tautocomplete=\"off\"\r\n\t\t\t\/>\r\n\t<\/p>\r\n\r\n\t<p class=\"mphb_sc_search-check-out-date\">\r\n\t\t<label for=\"mphb_check_out_date-mphb-search-form-69f4265ca86f1\">\r\n\t\t\tD\u00e9part\t\t\t<abbr title=\"Format\u00e9 comme dd\/mm\/yyyy\">*<\/abbr>\r\n\t\t<\/label>\r\n\t\t<br \/>\r\n\t\t<input\r\n\t\t\tid=\"mphb_check_out_date-mphb-search-form-69f4265ca86f1\"\r\n\t\t\tdata-datepick-group=\"mphb-search-form-69f4265ca86f1\"\r\n\t\t\tvalue=\"\"\r\n\t\t\tplaceholder=\"Date de d\u00e9part\"\r\n\t\t\trequired=\"required\"\r\n\t\t\ttype=\"text\"\r\n\t\t\tname=\"mphb_check_out_date\"\r\n\t\t\tclass=\"mphb-datepick\"\r\n\t\t\tautocomplete=\"off\"\r\n\t\t\t\/>\r\n\t<\/p>\r\n\r\n\t\t\t<p class=\"mphb_sc_search-adults\">\r\n\t\t\t<label for=\"mphb_adults-mphb-search-form-69f4265ca86f1\">\r\n\t\t\t\tInvit\u00e9s\t\t\t<\/label>\r\n\t\t\t<br \/>\r\n\t\t\t<select id=\"mphb_adults-mphb-search-form-69f4265ca86f1\" name=\"mphb_adults\" >\r\n\t\t\t\t\t\t\t\t\t<option value=\"1\"  selected='selected'>1<\/option>\r\n\t\t\t\t\t\t\t\t\t<option value=\"2\" >2<\/option>\r\n\t\t\t\t\t\t\t\t\t<option value=\"3\" >3<\/option>\r\n\t\t\t\t\t\t\t\t\t<option value=\"4\" >4<\/option>\r\n\t\t\t\t\t\t\t\t\t<option value=\"5\" >5<\/option>\r\n\t\t\t\t\t\t\t\t\t<option value=\"6\" >6<\/option>\r\n\t\t\t\t\t\t\t\t\t<option value=\"7\" >7<\/option>\r\n\t\t\t\t\t\t\t\t\t<option value=\"8\" >8<\/option>\r\n\t\t\t\t\t\t\t\t\t<option value=\"9\" >9<\/option>\r\n\t\t\t\t\t\t\t\t\t<option value=\"10\" >10<\/option>\r\n\t\t\t\t\t\t\t\t\t<option value=\"11\" >11<\/option>\r\n\t\t\t\t\t\t\t\t\t<option value=\"12\" >12<\/option>\r\n\t\t\t\t\t\t\t\t\t<option value=\"13\" >13<\/option>\r\n\t\t\t\t\t\t\t\t\t<option value=\"14\" >14<\/option>\r\n\t\t\t\t\t\t\t\t\t<option value=\"15\" >15<\/option>\r\n\t\t\t\t\t\t\t\t\t<option value=\"16\" >16<\/option>\r\n\t\t\t\t\t\t\t\t\t<option value=\"17\" >17<\/option>\r\n\t\t\t\t\t\t\t\t\t<option value=\"18\" >18<\/option>\r\n\t\t\t\t\t\t\t\t\t<option value=\"19\" >19<\/option>\r\n\t\t\t\t\t\t\t\t\t<option value=\"20\" >20<\/option>\r\n\t\t\t\t\t\t\t<\/select>\r\n\t\t<\/p>\r\n\t\r\n\t\t\t<input type=\"hidden\" id=\"mphb_children-mphb-search-form-69f4265ca86f1\" name=\"mphb_children\" value=\"0\" \/>\r\n\t\r\n\t\r\n\t\r\n\t<input id=\"mphb_check_in_date-mphb-search-form-69f4265ca86f1-hidden\" value=\"\" type=\"hidden\" name=\"mphb_check_in_date\" \/><input id=\"mphb_check_out_date-mphb-search-form-69f4265ca86f1-hidden\" value=\"\" type=\"hidden\" name=\"mphb_check_out_date\" \/>\r\n\t<p class=\"mphb_sc_search-submit-button-wrapper\">\r\n\t\t<input type=\"submit\" class=\"button\" value=\"Chercher\"\/>\r\n\t<\/p>\r\n\r\n\t\r\n<\/form><\/div><\/p>\n","protected":false},"excerpt":{"rendered":"<p>Sp\u00e9cifiez vos dates d&rsquo;arriv\u00e9e et de d\u00e9part et le nombre de personnes &#8211; trouvez les chalets disponibles et r\u00e9servez-les en ligne facilement.<\/p>\n","protected":false},"author":1,"featured_media":0,"parent":0,"menu_order":0,"comment_status":"closed","ping_status":"closed","template":"template-boxed.php","meta":{"slim_seo":{"title":"R\u00e9servation en ligne - Th\u00e9o Chalets","description":"Sp\u00e9cifiez vos dates d'arriv\u00e9e et de d\u00e9part et le nombre de personnes - trouvez les chalets disponibles et r\u00e9servez-les en ligne facilement. Les champs obligatoi"},"footnotes":""},"class_list":["post-1251","page","type-page","status-publish","hentry"],"_links":{"self":[{"href":"https:\/\/theochalets.com\/fr\/wp-json\/wp\/v2\/pages\/1251","targetHints":{"allow":["GET"]}}],"collection":[{"href":"https:\/\/theochalets.com\/fr\/wp-json\/wp\/v2\/pages"}],"about":[{"href":"https:\/\/theochalets.com\/fr\/wp-json\/wp\/v2\/types\/page"}],"author":[{"embeddable":true,"href":"https:\/\/theochalets.com\/fr\/wp-json\/wp\/v2\/users\/1"}],"replies":[{"embeddable":true,"href":"https:\/\/theochalets.com\/fr\/wp-json\/wp\/v2\/comments?post=1251"}],"version-history":[{"count":1,"href":"https:\/\/theochalets.com\/fr\/wp-json\/wp\/v2\/pages\/1251\/revisions"}],"predecessor-version":[{"id":1252,"href":"https:\/\/theochalets.com\/fr\/wp-json\/wp\/v2\/pages\/1251\/revisions\/1252"}],"wp:attachment":[{"href":"https:\/\/theochalets.com\/fr\/wp-json\/wp\/v2\/media?parent=1251"}],"curies":[{"name":"wp","href":"https:\/\/api.w.org\/{rel}","templated":true}]}}