{"id":1245,"date":"2020-03-05T17:13:23","date_gmt":"2020-03-05T17:13:23","guid":{"rendered":"https:\/\/theochalets.com\/beta\/?page_id=1245"},"modified":"2020-03-10T11:49:38","modified_gmt":"2020-03-10T11:49:38","slug":"reservation-confirmee","status":"publish","type":"page","link":"https:\/\/theochalets.com\/fr\/confirmation-reservation\/reservation-confirmee\/","title":{"rendered":"R\u00e9servation confirm\u00e9e"},"content":{"rendered":"<p>Nous sommes heureux de vous informer que votre demande de r\u00e9servation a \u00e9t\u00e9 re\u00e7ue et confirm\u00e9e.<\/p>\n","protected":false},"excerpt":{"rendered":"<p>Nous sommes heureux de vous informer que votre demande de r\u00e9servation a \u00e9t\u00e9 re\u00e7ue et confirm\u00e9e.<\/p>\n","protected":false},"author":1,"featured_media":0,"parent":1240,"menu_order":0,"comment_status":"closed","ping_status":"closed","template":"","meta":{"slim_seo":{"title":"R\u00e9servation confirm\u00e9e - Th\u00e9o Chalets","description":"Nous sommes heureux de vous informer que votre demande de r\u00e9servation a \u00e9t\u00e9 re\u00e7ue et confirm\u00e9e."},"footnotes":""},"class_list":["post-1245","page","type-page","status-publish","hentry"],"_links":{"self":[{"href":"https:\/\/theochalets.com\/fr\/wp-json\/wp\/v2\/pages\/1245","targetHints":{"allow":["GET"]}}],"collection":[{"href":"https:\/\/theochalets.com\/fr\/wp-json\/wp\/v2\/pages"}],"about":[{"href":"https:\/\/theochalets.com\/fr\/wp-json\/wp\/v2\/types\/page"}],"author":[{"embeddable":true,"href":"https:\/\/theochalets.com\/fr\/wp-json\/wp\/v2\/users\/1"}],"replies":[{"embeddable":true,"href":"https:\/\/theochalets.com\/fr\/wp-json\/wp\/v2\/comments?post=1245"}],"version-history":[{"count":1,"href":"https:\/\/theochalets.com\/fr\/wp-json\/wp\/v2\/pages\/1245\/revisions"}],"predecessor-version":[{"id":1246,"href":"https:\/\/theochalets.com\/fr\/wp-json\/wp\/v2\/pages\/1245\/revisions\/1246"}],"up":[{"embeddable":true,"href":"https:\/\/theochalets.com\/fr\/wp-json\/wp\/v2\/pages\/1240"}],"wp:attachment":[{"href":"https:\/\/theochalets.com\/fr\/wp-json\/wp\/v2\/media?parent=1245"}],"curies":[{"name":"wp","href":"https:\/\/api.w.org\/{rel}","templated":true}]}}