{"id":1235,"date":"2020-03-05T16:34:27","date_gmt":"2020-03-05T16:34:27","guid":{"rendered":"https:\/\/theochalets.com\/beta\/?page_id=1235"},"modified":"2020-03-05T16:35:54","modified_gmt":"2020-03-05T16:35:54","slug":"a-propos-de-theo-chalets","status":"publish","type":"page","link":"https:\/\/theochalets.com\/fr\/a-propos-de-theo-chalets\/","title":{"rendered":"\u00c0 propos de Th\u00e9o Chalets"},"content":{"rendered":"<h3>Exp\u00e9rience inoubliable<\/h3>\n<p>La mission de Th\u00e9o Chalets est de vous offrir un s\u00e9jour de r\u00eave o\u00f9 vous pourrez vous \u00e9vader de votre quotidien pour passer des moments inoubliables en famille ou entre amis. Venez s\u00e9journer dans l&rsquo;un de nos chalets chics et confortables et admirez les magnifiques paysages que Charlevoix peut vous offrir.<\/p>\n<p>Nos chalets sont situ\u00e9s en pleine nature avec de grands espaces ext\u00e9rieurs pour vous d\u00e9tendre. Vous appr\u00e9cierez votre exp\u00e9rience dans des chalets tr\u00e8s bien \u00e9quip\u00e9s.<\/p>\n<p>Nos chalets vous charmeront par leur proximit\u00e9 avec les diff\u00e9rentes attractions de la r\u00e9gion. Destination par excellence pour admirer les paysages panoramiques qui allient la majest\u00e9 de ses montagnes \u00e0 l&rsquo;immensit\u00e9 du fleuve.<\/p>\n<p>\u00a0<\/p>\n\n\n<figure class=\"wp-block-image size-large\"><img loading=\"lazy\" decoding=\"async\" width=\"1024\" height=\"318\" src=\"https:\/\/theochalets.com\/beta\/wp-content\/uploads\/chemin-de-fer-1024x318.jpg\" alt=\"\" class=\"wp-image-1064\" srcset=\"https:\/\/theochalets.com\/wp-content\/uploads\/chemin-de-fer-1024x318.jpg 1024w, https:\/\/theochalets.com\/wp-content\/uploads\/chemin-de-fer-300x93.jpg 300w, https:\/\/theochalets.com\/wp-content\/uploads\/chemin-de-fer-768x238.jpg 768w, https:\/\/theochalets.com\/wp-content\/uploads\/chemin-de-fer-1536x476.jpg 1536w, https:\/\/theochalets.com\/wp-content\/uploads\/chemin-de-fer-2048x635.jpg 2048w\" sizes=\"auto, (max-width: 1024px) 100vw, 1024px\" \/><\/figure>\n","protected":false},"excerpt":{"rendered":"<p>Exp\u00e9rience inoubliable La mission de Th\u00e9o Chalets est de vous offrir un s\u00e9jour de r\u00eave o\u00f9 vous pourrez vous \u00e9vader de votre quotidien pour passer des moments inoubliables en famille ou entre amis. Venez s\u00e9journer dans l&rsquo;un de nos chalets chics et confortables et admirez les magnifiques paysages que Charlevoix peut vous offrir. Nos chalets [&hellip;]<\/p>\n","protected":false},"author":1,"featured_media":0,"parent":0,"menu_order":0,"comment_status":"closed","ping_status":"closed","template":"","meta":{"slim_seo":{"title":"\u00c0 propos de Th\u00e9o Chalets - Th\u00e9o Chalets","description":"Exp\u00e9rience inoubliable La mission de Th\u00e9o Chalets est de vous offrir un s\u00e9jour de r\u00eave o\u00f9 vous pourrez vous \u00e9vader de votre quotidien pour passer des moments in"},"footnotes":""},"class_list":["post-1235","page","type-page","status-publish","hentry"],"_links":{"self":[{"href":"https:\/\/theochalets.com\/fr\/wp-json\/wp\/v2\/pages\/1235","targetHints":{"allow":["GET"]}}],"collection":[{"href":"https:\/\/theochalets.com\/fr\/wp-json\/wp\/v2\/pages"}],"about":[{"href":"https:\/\/theochalets.com\/fr\/wp-json\/wp\/v2\/types\/page"}],"author":[{"embeddable":true,"href":"https:\/\/theochalets.com\/fr\/wp-json\/wp\/v2\/users\/1"}],"replies":[{"embeddable":true,"href":"https:\/\/theochalets.com\/fr\/wp-json\/wp\/v2\/comments?post=1235"}],"version-history":[{"count":2,"href":"https:\/\/theochalets.com\/fr\/wp-json\/wp\/v2\/pages\/1235\/revisions"}],"predecessor-version":[{"id":1239,"href":"https:\/\/theochalets.com\/fr\/wp-json\/wp\/v2\/pages\/1235\/revisions\/1239"}],"wp:attachment":[{"href":"https:\/\/theochalets.com\/fr\/wp-json\/wp\/v2\/media?parent=1235"}],"curies":[{"name":"wp","href":"https:\/\/api.w.org\/{rel}","templated":true}]}}