{"id":1226,"date":"2020-03-05T16:28:16","date_gmt":"2020-03-05T16:28:16","guid":{"rendered":"https:\/\/theochalets.com\/beta\/?page_id=1226"},"modified":"2020-03-05T16:28:17","modified_gmt":"2020-03-05T16:28:17","slug":"termes-conditions","status":"publish","type":"page","link":"https:\/\/theochalets.com\/fr\/termes-conditions\/","title":{"rendered":"Termes &#038; Conditions"},"content":{"rendered":"<p>Un d\u00e9p\u00f4t non remboursable de 20% est exig\u00e9 lors de la r\u00e9servation. Le solde de la r\u00e9servation est payable 30 jours avant la date du s\u00e9jour. Un d\u00e9p\u00f4t de s\u00e9curit\u00e9 est aussi payable 2 semaines avant la date du s\u00e9jour.<\/p>\n<p>**Un d\u00e9p\u00f4t de s\u00e9curit\u00e9 de 500$ est requis pour toutes r\u00e9servations et sera remboursable apr\u00e8s inspection si aucun dommage n&rsquo;a \u00e9t\u00e9 constat\u00e9 au d\u00e9part.<\/p>\n<p>L&rsquo;age minimal pour la location est de 25 ans.<\/p>\n<p>Minimum de 2 nuits pour la r\u00e9servation.<\/p>\n","protected":false},"excerpt":{"rendered":"<p>Un d\u00e9p\u00f4t non remboursable de 20% est exig\u00e9 lors de la r\u00e9servation. Le solde de la r\u00e9servation est payable 30 jours avant la date du s\u00e9jour. Un d\u00e9p\u00f4t de s\u00e9curit\u00e9 est aussi payable 2 semaines avant la date du s\u00e9jour. **Un d\u00e9p\u00f4t de s\u00e9curit\u00e9 de 500$ est requis pour toutes r\u00e9servations et sera remboursable apr\u00e8s [&hellip;]<\/p>\n","protected":false},"author":1,"featured_media":0,"parent":0,"menu_order":0,"comment_status":"closed","ping_status":"closed","template":"template-boxed.php","meta":{"slim_seo":{"title":"Termes & Conditions - Th\u00e9o Chalets","description":"Un d\u00e9p\u00f4t non remboursable de 20% est exig\u00e9 lors de la r\u00e9servation. Le solde de la r\u00e9servation est payable 30 jours avant la date du s\u00e9jour. Un d\u00e9p\u00f4t de s\u00e9curit\u00e9"},"footnotes":""},"class_list":["post-1226","page","type-page","status-publish","hentry"],"_links":{"self":[{"href":"https:\/\/theochalets.com\/fr\/wp-json\/wp\/v2\/pages\/1226","targetHints":{"allow":["GET"]}}],"collection":[{"href":"https:\/\/theochalets.com\/fr\/wp-json\/wp\/v2\/pages"}],"about":[{"href":"https:\/\/theochalets.com\/fr\/wp-json\/wp\/v2\/types\/page"}],"author":[{"embeddable":true,"href":"https:\/\/theochalets.com\/fr\/wp-json\/wp\/v2\/users\/1"}],"replies":[{"embeddable":true,"href":"https:\/\/theochalets.com\/fr\/wp-json\/wp\/v2\/comments?post=1226"}],"version-history":[{"count":1,"href":"https:\/\/theochalets.com\/fr\/wp-json\/wp\/v2\/pages\/1226\/revisions"}],"predecessor-version":[{"id":1227,"href":"https:\/\/theochalets.com\/fr\/wp-json\/wp\/v2\/pages\/1226\/revisions\/1227"}],"wp:attachment":[{"href":"https:\/\/theochalets.com\/fr\/wp-json\/wp\/v2\/media?parent=1226"}],"curies":[{"name":"wp","href":"https:\/\/api.w.org\/{rel}","templated":true}]}}