{"id":1203,"date":"2020-03-05T03:36:15","date_gmt":"2020-03-05T03:36:15","guid":{"rendered":"https:\/\/theochalets.com\/beta\/?page_id=1203"},"modified":"2020-03-05T03:41:44","modified_gmt":"2020-03-05T03:41:44","slug":"attraits-et-activites","status":"publish","type":"page","link":"https:\/\/theochalets.com\/fr\/attraits-et-activites\/","title":{"rendered":"Attraits et activit\u00e9s"},"content":{"rendered":"\n<h3 class=\"wp-block-heading\">D\u00e9couvrez Charlevoix<\/h3>\n\n\n\n<p>Activit\u00e9s, festivals, spectacles, peu importe le moment de votre visite venez-vous amuser et vous d\u00e9tendre dans cette nature \u00e0 l&rsquo;\u00e9tat sauvage pr\u00e8s des nombreux attraits que Charlevoix peut vous offrir! Nous avons h\u00e2te de vous accueillir !<\/p>\n\n\n\n<h3 class=\"wp-block-heading\">Casino \/ hippodrome<\/h3>\n\n\n\n<ul class=\"wp-block-list\"><li>Casino de Charlevoix<\/li><\/ul>\n\n\n\n<h3 class=\"wp-block-heading\">Centre \/ galerie d&rsquo;art<\/h3>\n\n\n\n<ul class=\"wp-block-list\"><li>Galerie Guylaine Fournier<\/li><li>Atelier-galerie Pierre-Gilles Martin et Carole Tanguay<\/li><li>Maison de Ren\u00e9 Richard &#8211; Galerie d&rsquo;art et Mus\u00e9e<\/li><li>Carrefour culturel Paul-M\u00e9d\u00e9ric<\/li><li>Marie-Ren\u00e9e Otis &#8211; broderie d&rsquo;art<\/li><li>Galerie d&rsquo;art Yvon Desgagn\u00e9s<\/li><li>Galerie Art et Style Inc.<\/li><li>Atelier d&rsquo;estampe Les Moraines<\/li><li>Charlotte ! Atelier boutique<\/li><li>Les arts Kapelier<\/li><li>Atelier d&rsquo;art Claude Chiasson<\/li><li>Les Ateliers Charlevoix<\/li><\/ul>\n\n\n\n<h3 class=\"wp-block-heading\">Centre de ski alpin<\/h3>\n\n\n\n<ul class=\"wp-block-list\"><li>Le Massif de Charlevoix<\/li><\/ul>\n\n\n\n<h3 class=\"wp-block-heading\">Centre \u00e9questre<\/h3>\n\n\n\n<ul class=\"wp-block-list\"><li>Centre \u00e9questre nature<\/li><\/ul>\n\n\n\n<h3 class=\"wp-block-heading\">Entreprise de tourisme d&rsquo;aventure et de plein air<\/h3>\n\n\n\n<ul class=\"wp-block-list\"><li>Katabatik &#8211; Aventure dans Charlevoix<\/li><li>Suro\u00eet Aventures<\/li><\/ul>\n\n\n\n<h3 class=\"wp-block-heading\">Ferme agrotouristique<\/h3>\n\n\n\n<ul class=\"wp-block-list\"><li>Azul\u00e9e<\/li><li>Centre de l&rsquo;\u00e9meu de Charlevoix<\/li><li>La ferme Basque de Charlevoix<\/li><li>Les Voli\u00e8res de Baie-Saint-Paul<\/li><li>Ferme Caprivoix<\/li><\/ul>\n\n\n\n<h3 class=\"wp-block-heading\">Festival \/ \u00e9v\u00e9nement<\/h3>\n\n\n\n<ul class=\"wp-block-list\"><li>Symposium international d&rsquo;art contemporain de Baie-Saint-Paul<\/li><li>Le Festif de Baie-Saint-Paul<\/li><li>Festival Folklore Isle-aux-Coudres<\/li><li>Festival International du Domaine Forget<\/li><li>L&rsquo;Estival de Petite-Rivi\u00e8re<\/li><\/ul>\n\n\n\n<h3 class=\"wp-block-heading\">Golf<\/h3>\n\n\n\n<ul class=\"wp-block-list\"><li>Golf le Loup de Baie-Saint-Paul<\/li><li>Club de golf Le Manoir Richelieu<\/li><li>Club de golf Murray Bay<\/li><\/ul>\n\n\n\n<h3 class=\"wp-block-heading\">Jardin<\/h3>\n\n\n\n<ul class=\"wp-block-list\"><li>H\u00e9m\u00e9rocalles Charlevoix &#8211; Jardin Jean Tremblay<\/li><\/ul>\n\n\n\n<h3 class=\"wp-block-heading\">Manifestation sportive<\/h3>\n\n\n\n<ul class=\"wp-block-list\"><li>Les grands rendez-vous cyclistes de Charlevoix<\/li><li>La Grande Travers\u00e9e Isle-aux-Coudres<\/li><li>Triathlon de Charlevoix<\/li><li>Challenge Casino de Charlevoix<\/li><\/ul>\n\n\n\n<h3 class=\"wp-block-heading\">Mus\u00e9e \/ site historique<\/h3>\n\n\n\n<ul class=\"wp-block-list\"><li>Laiterie Charlevoix &#8211; \u00c9conomus\u00e9e de la fromagerie<\/li><li>Mus\u00e9e d&rsquo;art contemporain de Baie-Saint-Paul<\/li><li>Moulin seigneurial des \u00c9boulements<\/li><li>Parcours mus\u00e9al des Petites Franciscaines de Marie &#8211; Maison M\u00e8re Baie-Saint-Paul<\/li><li>Habitat 07<\/li><li>Papeterie Saint-Gilles &#8211; \u00c9conomus\u00e9e du papier<\/li><li>Mus\u00e9e maritime de Charlevoix<\/li><li>Cidres et vergers Pedneault &#8211; \u00c9conomus\u00e9e du cidrier<\/li><li>Les Moulins de l&rsquo;Isle-aux-Coudres &#8211; \u00c9conomus\u00e9e de la meunerie<\/li><li>Mus\u00e9e les Voitures d&rsquo;eau<\/li><li>Maison du Bootlegger<\/li><li>Mus\u00e9e de Charlevoix<\/li><li>Corporation de la Vieille Forge Cauchon (Forge-menuiserie Cauchon)<\/li><li>La Seigneurie des Aulnaies<\/li><\/ul>\n\n\n\n<h3 class=\"wp-block-heading\">Observatoire \/ plan\u00e9tarium<\/h3>\n\n\n\n<ul class=\"wp-block-list\"><li>Observatoire astronomique et de l&rsquo;Astrobl\u00e8me de Charlevoix<\/li><\/ul>\n\n\n\n<h3 class=\"wp-block-heading\">Parc national du Qu\u00e9bec<\/h3>\n\n\n\n<ul class=\"wp-block-list\"><li>Parc national des Grands-Jardins<\/li><\/ul>\n\n\n\n<h3 class=\"wp-block-heading\">Parc r\u00e9gional \/ municipal<\/h3>\n\n\n\n<ul class=\"wp-block-list\"><li>Site r\u00e9gional de la montagne de la Croix de Clermont<\/li><\/ul>\n\n\n\n<h3 class=\"wp-block-heading\">Piste \/ sentier<\/h3>\n\n\n\n<ul class=\"wp-block-list\"><li>Tour de l&rsquo;Isle<\/li><li>La Travers\u00e9e de Charlevoix<\/li><li>Sentiers Mont des Morios<\/li><\/ul>\n\n\n\n<h3 class=\"wp-block-heading\">Plage<\/h3>\n\n\n\n<ul class=\"wp-block-list\"><li>Le Gen\u00e9vrier<\/li><\/ul>\n\n\n\n<h3 class=\"wp-block-heading\">Route \/ circuit touristique<\/h3>\n\n\n\n<ul class=\"wp-block-list\"><li>Route des Montagnes<\/li><li>Route du Fleuve<\/li><li>La Route des saveurs de Charlevoix<\/li><\/ul>\n\n\n\n<h3 class=\"wp-block-heading\">Salon \/ foire<\/h3>\n\n\n\n<ul class=\"wp-block-list\"><li>March\u00e9 de No\u00ebl de Baie-Saint-Paul<\/li><\/ul>\n\n\n\n<h3 class=\"wp-block-heading\">Spa<\/h3>\n\n\n\n<ul class=\"wp-block-list\"><li>Spa Urbain et Centre sant\u00e9 Le Marion<\/li><li>Centre Sant\u00e9 Beaut\u00e9 Francine Thibeault<\/li><li>Spa Nordique Le Germain<\/li><li>Relais de Sant\u00e9 L&rsquo;Isle-aux-Coudres(Inova D\u00e9tente et Spa)<\/li><li>Spa sant\u00e9 L&rsquo;Antalgie<\/li><li>Zen \u00c9vasion Spa<\/li><li>Moment Spa Le Manoir Richelieu<\/li><li>Spa O&rsquo;Quartz<\/li><\/ul>\n\n\n\n<h3 class=\"wp-block-heading\">Ville<\/h3>\n\n\n\n<ul class=\"wp-block-list\"><li>Baie-Saint-Paul<\/li><li>La Malbaie<\/li><\/ul>\n\n\n\n<h3 class=\"wp-block-heading\">Visite en entreprise<\/h3>\n\n\n\n<ul class=\"wp-block-list\"><li>Maison d&rsquo;affinage Maurice Dufour<\/li><li>Chocolaterie Cynthia<\/li><li>Omerto &#8211; Le Domaine de la Vall\u00e9e du Bras<\/li><li>Les Jardins du Centre inc.<\/li><li>Miellerie du crat\u00e8re de Charlevoix<\/li><li>Boulangerie Pains d&rsquo;exclamation!<\/li><\/ul>\n\n\n\n<h3 class=\"wp-block-heading\">Visite guid\u00e9e<\/h3>\n\n\n\n<ul class=\"wp-block-list\"><li>Train de Charlevoix<\/li><li>H\u00e9li-Charlevoix<\/li><li>Charlevoix Aviation<\/li><\/ul>\n\n\n<p><\/p>","protected":false},"excerpt":{"rendered":"<p>D\u00e9couvrez Charlevoix Activit\u00e9s, festivals, spectacles, peu importe le moment de votre visite venez-vous amuser et vous d\u00e9tendre dans cette nature \u00e0 l&rsquo;\u00e9tat sauvage pr\u00e8s des nombreux attraits que Charlevoix peut vous offrir! Nous avons h\u00e2te de vous accueillir ! Casino \/ hippodrome Casino de Charlevoix Centre \/ galerie d&rsquo;art Galerie Guylaine Fournier Atelier-galerie Pierre-Gilles Martin [&hellip;]<\/p>\n","protected":false},"author":1,"featured_media":0,"parent":0,"menu_order":0,"comment_status":"closed","ping_status":"closed","template":"","meta":{"slim_seo":{"title":"Attraits et activit\u00e9s - Th\u00e9o Chalets","description":"Activit\u00e9s, festivals, spectacles, peu importe le moment de votre visite venez-vous amuser et vous d\u00e9tendre dans cette nature \u00e0 l'\u00e9tat sauvage pr\u00e8s des nombreux"},"footnotes":""},"class_list":["post-1203","page","type-page","status-publish","hentry"],"_links":{"self":[{"href":"https:\/\/theochalets.com\/fr\/wp-json\/wp\/v2\/pages\/1203","targetHints":{"allow":["GET"]}}],"collection":[{"href":"https:\/\/theochalets.com\/fr\/wp-json\/wp\/v2\/pages"}],"about":[{"href":"https:\/\/theochalets.com\/fr\/wp-json\/wp\/v2\/types\/page"}],"author":[{"embeddable":true,"href":"https:\/\/theochalets.com\/fr\/wp-json\/wp\/v2\/users\/1"}],"replies":[{"embeddable":true,"href":"https:\/\/theochalets.com\/fr\/wp-json\/wp\/v2\/comments?post=1203"}],"version-history":[{"count":6,"href":"https:\/\/theochalets.com\/fr\/wp-json\/wp\/v2\/pages\/1203\/revisions"}],"predecessor-version":[{"id":1209,"href":"https:\/\/theochalets.com\/fr\/wp-json\/wp\/v2\/pages\/1203\/revisions\/1209"}],"wp:attachment":[{"href":"https:\/\/theochalets.com\/fr\/wp-json\/wp\/v2\/media?parent=1203"}],"curies":[{"name":"wp","href":"https:\/\/api.w.org\/{rel}","templated":true}]}}