{"id":1201,"date":"2020-03-05T03:32:02","date_gmt":"2020-03-05T03:32:02","guid":{"rendered":"https:\/\/theochalets.com\/beta\/?page_id=1201"},"modified":"2020-03-05T03:32:04","modified_gmt":"2020-03-05T03:32:04","slug":"la-region","status":"publish","type":"page","link":"https:\/\/theochalets.com\/fr\/la-region\/","title":{"rendered":"La r\u00e9gion"},"content":{"rendered":"\n<h3 class=\"wp-block-heading\">Charlevoix<\/h3>\n\n\n\n<p> Situ\u00e9 dans la magnifique r\u00e9gion de Charlevoix le Chalet Au Pays de Mlle Catherine sera vous charmer par sa proximit\u00e9 des diff\u00e9rents attraits de la r\u00e9gion. Destination par excellence pour admirer les paysages panoramiques qui allie la majest\u00e9 de ses montagnes \u00e0 l&rsquo;immensit\u00e9 du fleuve. <\/p>\n\n\n\n<figure class=\"wp-block-image size-large\"><img loading=\"lazy\" decoding=\"async\" width=\"1024\" height=\"318\" src=\"https:\/\/theochalets.com\/beta\/wp-content\/uploads\/chemin-de-fer-1024x318.jpg\" alt=\"\" class=\"wp-image-1064\" srcset=\"https:\/\/theochalets.com\/wp-content\/uploads\/chemin-de-fer-1024x318.jpg 1024w, https:\/\/theochalets.com\/wp-content\/uploads\/chemin-de-fer-300x93.jpg 300w, https:\/\/theochalets.com\/wp-content\/uploads\/chemin-de-fer-768x238.jpg 768w, https:\/\/theochalets.com\/wp-content\/uploads\/chemin-de-fer-1536x476.jpg 1536w, https:\/\/theochalets.com\/wp-content\/uploads\/chemin-de-fer-2048x635.jpg 2048w\" sizes=\"auto, (max-width: 1024px) 100vw, 1024px\" \/><\/figure>\n\n\n\n<p> <strong>L&rsquo;HIVER<\/strong>, le massif de Petite-Rivi\u00e8res-St-Francois attire les skieurs avec ses montagnes qui poss\u00e8dent le plus haut d\u00e9nivel\u00e9 dans l&rsquo;Est du Canada. <\/p>\n\n\n\n<figure class=\"wp-block-image size-large\"><img loading=\"lazy\" decoding=\"async\" width=\"1024\" height=\"318\" src=\"https:\/\/theochalets.com\/beta\/wp-content\/uploads\/massif-1024x318.jpg\" alt=\"\" class=\"wp-image-1072\" srcset=\"https:\/\/theochalets.com\/wp-content\/uploads\/massif-1024x318.jpg 1024w, https:\/\/theochalets.com\/wp-content\/uploads\/massif-300x93.jpg 300w, https:\/\/theochalets.com\/wp-content\/uploads\/massif-768x238.jpg 768w, https:\/\/theochalets.com\/wp-content\/uploads\/massif-1536x476.jpg 1536w, https:\/\/theochalets.com\/wp-content\/uploads\/massif-2048x635.jpg 2048w\" sizes=\"auto, (max-width: 1024px) 100vw, 1024px\" \/><\/figure>\n\n\n\n<p> En <strong>\u00c9T\u00c9<\/strong>, les randonneurs se testent dans les Hautes-Gorges-de-la-Rivi\u00e8re-Malbaie, o\u00f9 une petite rivi\u00e8re coule entre les parois les plus escarp\u00e9es \u00e0 l&rsquo;est des Rocheuses. <\/p>\n\n\n\n<figure class=\"wp-block-image size-large\"><img loading=\"lazy\" decoding=\"async\" width=\"1024\" height=\"318\" src=\"https:\/\/theochalets.com\/beta\/wp-content\/uploads\/gorge-1024x318.jpg\" alt=\"\" class=\"wp-image-1070\" srcset=\"https:\/\/theochalets.com\/wp-content\/uploads\/gorge-1024x318.jpg 1024w, https:\/\/theochalets.com\/wp-content\/uploads\/gorge-300x93.jpg 300w, https:\/\/theochalets.com\/wp-content\/uploads\/gorge-768x238.jpg 768w, https:\/\/theochalets.com\/wp-content\/uploads\/gorge-1536x476.jpg 1536w, https:\/\/theochalets.com\/wp-content\/uploads\/gorge-2048x635.jpg 2048w\" sizes=\"auto, (max-width: 1024px) 100vw, 1024px\" \/><\/figure>\n\n\n\n<p>Et en <strong>AUTOMNE<\/strong>, les touristes viennent voir le changement spectaculaire des feuilles. Vous retrouverez \u00e9galement un tron\u00e7on de route entre Baie-St-Paul et La Malbaie soit la route 362 qui est l&rsquo;une des routes les plus pittoresques du Canada. Des sc\u00e8nes directement issues des brochures touristiques: villes pittoresques nich\u00e9es dans des terres agricoles verdoyantes, collines vallonn\u00e9es couvertes d&rsquo;une dense for\u00eat, sommets montagneux se profilant \u00e0 l&rsquo;horizon. Vous retrouverez \u00e9galement dans la r\u00e9gion \u00e0 environ 1h30 de route du chalet les points chauds d&rsquo;observation des baleines soit Baie-Sainte-Catherine et Tadoussac. <\/p>\n\n\n\n<figure class=\"wp-block-image size-large\"><img loading=\"lazy\" decoding=\"async\" width=\"1024\" height=\"318\" src=\"https:\/\/theochalets.com\/beta\/wp-content\/uploads\/whale-1024x318.jpg\" alt=\"\" class=\"wp-image-1128\" srcset=\"https:\/\/theochalets.com\/wp-content\/uploads\/whale-1024x318.jpg 1024w, https:\/\/theochalets.com\/wp-content\/uploads\/whale-300x93.jpg 300w, https:\/\/theochalets.com\/wp-content\/uploads\/whale-768x238.jpg 768w, https:\/\/theochalets.com\/wp-content\/uploads\/whale-1536x476.jpg 1536w, https:\/\/theochalets.com\/wp-content\/uploads\/whale-2048x635.jpg 2048w\" sizes=\"auto, (max-width: 1024px) 100vw, 1024px\" \/><\/figure>\n","protected":false},"excerpt":{"rendered":"<p>Charlevoix Situ\u00e9 dans la magnifique r\u00e9gion de Charlevoix le Chalet Au Pays de Mlle Catherine sera vous charmer par sa proximit\u00e9 des diff\u00e9rents attraits de la r\u00e9gion. Destination par excellence pour admirer les paysages panoramiques qui allie la majest\u00e9 de ses montagnes \u00e0 l&rsquo;immensit\u00e9 du fleuve. L&rsquo;HIVER, le massif de Petite-Rivi\u00e8res-St-Francois attire les skieurs avec [&hellip;]<\/p>\n","protected":false},"author":1,"featured_media":0,"parent":0,"menu_order":0,"comment_status":"closed","ping_status":"closed","template":"","meta":{"slim_seo":{"title":"La r\u00e9gion - Th\u00e9o Chalets","description":"Situ\u00e9 dans la magnifique r\u00e9gion de Charlevoix le Chalet Au Pays de Mlle Catherine sera vous charmer par sa proximit\u00e9 des diff\u00e9rents attraits de la r\u00e9gion. Desti"},"footnotes":""},"class_list":["post-1201","page","type-page","status-publish","hentry"],"_links":{"self":[{"href":"https:\/\/theochalets.com\/fr\/wp-json\/wp\/v2\/pages\/1201","targetHints":{"allow":["GET"]}}],"collection":[{"href":"https:\/\/theochalets.com\/fr\/wp-json\/wp\/v2\/pages"}],"about":[{"href":"https:\/\/theochalets.com\/fr\/wp-json\/wp\/v2\/types\/page"}],"author":[{"embeddable":true,"href":"https:\/\/theochalets.com\/fr\/wp-json\/wp\/v2\/users\/1"}],"replies":[{"embeddable":true,"href":"https:\/\/theochalets.com\/fr\/wp-json\/wp\/v2\/comments?post=1201"}],"version-history":[{"count":1,"href":"https:\/\/theochalets.com\/fr\/wp-json\/wp\/v2\/pages\/1201\/revisions"}],"predecessor-version":[{"id":1202,"href":"https:\/\/theochalets.com\/fr\/wp-json\/wp\/v2\/pages\/1201\/revisions\/1202"}],"wp:attachment":[{"href":"https:\/\/theochalets.com\/fr\/wp-json\/wp\/v2\/media?parent=1201"}],"curies":[{"name":"wp","href":"https:\/\/api.w.org\/{rel}","templated":true}]}}